{"id":2,"date":"2024-04-03T09:26:32","date_gmt":"2024-04-03T06:26:32","guid":{"rendered":"https:\/\/salihemreuregen.com.tr\/fr\/?page_id=2"},"modified":"2024-05-04T15:05:33","modified_gmt":"2024-05-04T12:05:33","slug":"ma-vie-chirurgicale","status":"publish","type":"page","link":"https:\/\/salihemreuregen.com.tr\/fr\/ma-vie-chirurgicale\/","title":{"rendered":"Ma Vie Chirurgicale"},"content":{"rendered":"\r\n<pre><img loading=\"lazy\" decoding=\"async\" class=\"alignleft wp-image-295\" style=\"float: left; margin: 10px;\" src=\"https:\/\/salihemreuregen.com.tr\/fr\/wp-content\/uploads\/2024\/04\/saliemreuregen.webp\" alt=\"\" width=\"323\" height=\"385\"><\/pre>\r\n<h2>Emre \u00dcregen \/ Estetik, Plastik ve Rekonstr\u00fcktif Cerrahi Uzman\u0131<\/h2>\r\n<p><span class=\"ng-directive ng-binding\">Op.Dr. Emre \u00dcregen 1978 y\u0131l\u0131nda, Ankara\u2019 da do\u011fdu. \u0130lk, orta ve lise \u00f6\u011frenimini Ankara\u2019 da tamamlad\u0131. 1996 y\u0131l\u0131nda ilk tercihi olan Hacettepe \u00dcniversitesi T\u0131p Fak\u00fcltesi\u2019 ni kazand\u0131 ve 2002 y\u0131l\u0131nda mezun oldu. Ard\u0131ndan Kalp ve Damar Cerrahisi uzmanl\u0131\u011f\u0131n\u0131 kazanan Emre \u00dcregen, buradaki Asistanl\u0131k E\u011fitimini yar\u0131da b\u0131rakarak \u00e7ocukluk y\u0131llar\u0131ndan itibaren as\u0131l ideali olan Estetik, Plastik ve Rekonstr\u00fcktif Cerrahi Dal\u0131\u2019 na y\u00f6neldi. Uzmanl\u0131\u011f\u0131\u2019 n\u0131 Ankara D\u0131\u015fkap\u0131 Y\u0131ld\u0131r\u0131m Beyaz\u0131t E\u011fitim ve Ara\u015ft\u0131rma Hastanesi\u2019 nde tamamlad\u0131. Burada \u00e7al\u0131\u015ft\u0131\u011f\u0131 s\u00fcre boyunca 2000\u2019 den fazla cerrahi operasyona kat\u0131ld\u0131. Uzmanl\u0131k Tezini \u201c Burun Defektlerinin Onar\u0131m\u0131\u201d konusunda haz\u0131rlad\u0131.<\/span><\/p>\r\n<p>Evli ve iki \u00e7ocuk babas\u0131 olan Op.Dr. Emre \u00dcregen, Mecburi hizmet gere\u011fi 15 Ekim 2012 tarihi\u2019 ne kadar D\u00fczce Atat\u00fcrk Devlet Hastanesi\u2019 nde g\u00f6rev yapt\u0131. Ocak 2013\u2019den itibaren \u0130stanbul\u2019da a\u00e7t\u0131\u011f\u0131 \u00f6zel klini\u011finde \u00e7al\u0131\u015fmalar\u0131na devam etmektedir.<\/p>\r\n","protected":false},"excerpt":{"rendered":"<p>Emre \u00dcregen \/ Estetik, Plastik ve Rekonstr\u00fcktif Cerrahi Uzman\u0131 Op.Dr. Emre \u00dcregen 1978 y\u0131l\u0131nda, Ankara\u2019 da do\u011fdu. \u0130lk, orta ve lise \u00f6\u011frenimini Ankara\u2019 da tamamlad\u0131. 1996 y\u0131l\u0131nda ilk tercihi olan Hacettepe \u00dcniversitesi T\u0131p Fak\u00fcltesi\u2019 ni kazand\u0131 ve 2002 y\u0131l\u0131nda mezun oldu. Ard\u0131ndan Kalp ve Damar Cerrahisi uzmanl\u0131\u011f\u0131n\u0131 kazanan Emre \u00dcregen, buradaki Asistanl\u0131k E\u011fitimini yar\u0131da b\u0131rakarak [&hellip;]<\/p>\n","protected":false},"author":3,"featured_media":0,"parent":0,"menu_order":0,"comment_status":"closed","ping_status":"closed","template":"","meta":{"ngg_post_thumbnail":0,"footnotes":""},"class_list":["post-2","page","type-page","status-publish","hentry"],"_links":{"self":[{"href":"https:\/\/salihemreuregen.com.tr\/fr\/wp-json\/wp\/v2\/pages\/2","targetHints":{"allow":["GET"]}}],"collection":[{"href":"https:\/\/salihemreuregen.com.tr\/fr\/wp-json\/wp\/v2\/pages"}],"about":[{"href":"https:\/\/salihemreuregen.com.tr\/fr\/wp-json\/wp\/v2\/types\/page"}],"author":[{"embeddable":true,"href":"https:\/\/salihemreuregen.com.tr\/fr\/wp-json\/wp\/v2\/users\/3"}],"replies":[{"embeddable":true,"href":"https:\/\/salihemreuregen.com.tr\/fr\/wp-json\/wp\/v2\/comments?post=2"}],"version-history":[{"count":15,"href":"https:\/\/salihemreuregen.com.tr\/fr\/wp-json\/wp\/v2\/pages\/2\/revisions"}],"predecessor-version":[{"id":537,"href":"https:\/\/salihemreuregen.com.tr\/fr\/wp-json\/wp\/v2\/pages\/2\/revisions\/537"}],"wp:attachment":[{"href":"https:\/\/salihemreuregen.com.tr\/fr\/wp-json\/wp\/v2\/media?parent=2"}],"curies":[{"name":"wp","href":"https:\/\/api.w.org\/{rel}","templated":true}]}}